{"id":3861,"date":"2017-06-28T13:06:17","date_gmt":"2017-06-28T11:06:17","guid":{"rendered":"https:\/\/atexblackbox.com\/industries\/"},"modified":"2018-02-04T18:38:36","modified_gmt":"2018-02-04T16:38:36","slug":"aplicaciones","status":"publish","type":"page","link":"https:\/\/www.atexblackbox.com\/es\/aplicaciones\/","title":{"rendered":"Aplicaciones"},"content":{"rendered":"<div class=\"container-fluid\"><div class=\"container\"><div id=\"element_1177765314857\" class=\"el_row row\"><div class=\"inner-row\"><div id=\"element_2\" class=\"el_column col-md-12\"><div class=\"inner-column\"><div id=\"element_3177765314835\" class=\"row el_row\"><div class=\"inner-row\"><div id=\"element_4\" class=\"el_column col-md-4\"><div class=\"inner-column\"><div id=\"element_5\" class=\"module-iconboxes style-7\"><div class=\"iconboxes-wrap\" ><div class=\"media\"><img decoding=\"async\" class=\"img-responsive\" src=\"https:\/\/www.atexblackbox.com\/wp-content\/uploads\/2018\/01\/Oil-and-Gas-600x400.jpg\" alt=\"ATEX BLACK BOX - Oil &amp; Gas\"\/><\/div><div class=\"icon-body\"><span class=\"box\"><i  class=\"petro-construct-21\">&nbsp;<\/i><\/span><div class=\"text-wrap\"><h4 class=\"box-heading\" >OIL &amp; GAS<\/h4><div class=\"iconboxes-text\"><p>Cajas de Conexiones ATEX dise\u00f1adas para cumplir con los requerimientos individuales de industrias del sector de Oil &amp; Gas.<\/p><\/div><\/div><\/div><\/div><\/div><\/div><\/div><div id=\"element_6\" class=\"el_column col-md-4\"><div class=\"inner-column\"><div id=\"element_7\" class=\"module-iconboxes style-7\"><div class=\"iconboxes-wrap\" ><div class=\"media\"><img decoding=\"async\" class=\"img-responsive\" src=\"https:\/\/www.atexblackbox.com\/wp-content\/uploads\/2018\/01\/Pharmaceutical-600x400.jpg\" alt=\"ATEX BLACK BOX - Pharmaceuticals\"\/><\/div><div class=\"icon-body\"><span class=\"box\"><i  class=\"petro-construct-27\">&nbsp;<\/i><\/span><div class=\"text-wrap\"><h4 class=\"box-heading\" >INDUSTRTIA FARMACEUTICA<\/h4><div class=\"iconboxes-text\"><p>Cajas de conexiones ATEX especialmente indicadas para aplicaciones en la industria farmaceutica.<\/p><\/div><\/div><\/div><\/div><\/div><\/div><\/div><div id=\"element_8\" class=\"el_column col-md-4\"><div class=\"inner-column\"><div id=\"element_9\" class=\"module-iconboxes style-7\"><div class=\"iconboxes-wrap\" ><div class=\"media\"><img decoding=\"async\" class=\"img-responsive\" src=\"https:\/\/www.atexblackbox.com\/wp-content\/uploads\/2018\/01\/Chemicals-600x400.jpg\" alt=\"ATEX BLACK BOX - Chemicals &amp; Refinery\"\/><\/div><div class=\"icon-body\"><span class=\"box\"><i  class=\"petro-construct-30\">&nbsp;<\/i><\/span><div class=\"text-wrap\"><h4 class=\"box-heading\" >INDUSTRIA QUIMICA &amp; REFINER\u00cdA<\/h4><div class=\"iconboxes-text\"><p>Ideales para su empleo en ambientes qu\u00edmicos. Cajas de conexiones certificadas para ambientes potencialmente explosivos.<\/p><\/div><\/div><\/div><\/div><\/div><\/div><\/div><\/div><\/div><div id=\"element_10177765314865\" class=\"row el_row\"><div class=\"inner-row\"><div id=\"element_11\" class=\"el_column col-md-4\"><div class=\"inner-column\"><div id=\"element_12\" class=\"module-iconboxes style-7\"><div class=\"iconboxes-wrap\" ><div class=\"media\"><img decoding=\"async\" class=\"img-responsive\" src=\"https:\/\/www.atexblackbox.com\/wp-content\/uploads\/2018\/01\/Transports-600x400.jpg\" alt=\"ATEX BLACK BOX - Transports\"\/><\/div><div class=\"icon-body\"><span class=\"box\"><i  class=\"petro-construct-19\">&nbsp;<\/i><\/span><div class=\"text-wrap\"><h4 class=\"box-heading\" >TRANSPORTES<\/h4><div class=\"iconboxes-text\"><p>Cajas de Bornas con certificado ATEX para empresas especializadas en el transporte y almacenamiento de mercanc\u00edas peligrosas.<\/p><\/div><\/div><\/div><\/div><\/div><\/div><\/div><div id=\"element_13\" class=\"el_column col-md-4\"><div class=\"inner-column\"><div id=\"element_14\" class=\"module-iconboxes style-7\"><div class=\"iconboxes-wrap\" ><div class=\"media\"><img decoding=\"async\" class=\"img-responsive\" src=\"https:\/\/www.atexblackbox.com\/wp-content\/uploads\/2018\/01\/Offshore-600x400.jpg\" alt=\"ATEX BLACK BOX - Offshore\"\/><\/div><div class=\"icon-body\"><span class=\"box\"><i  class=\"petro-construct-26\">&nbsp;<\/i><\/span><div class=\"text-wrap\"><h4 class=\"box-heading\" >INDUSTRIA EXTRACTIVA \/ OFFSHORE<\/h4><div class=\"iconboxes-text\"><p>Gama de Cajas de Conexiones con certificado ATEX para ser utilizadas en \u00e1reas propicias a la aparici\u00f3n de Atm\u00f3sferas Explosivas.<\/p><\/div><\/div><\/div><\/div><\/div><\/div><\/div><div id=\"element_15\" class=\"el_column col-md-4\"><div class=\"inner-column\"><div id=\"element_16\" class=\"module-iconboxes style-7\"><div class=\"iconboxes-wrap\" ><div class=\"media\"><img decoding=\"async\" class=\"img-responsive\" src=\"https:\/\/www.atexblackbox.com\/wp-content\/uploads\/2018\/01\/Machinery-600x400.jpg\" alt=\"ATEX BLACK BOX - Machinery\"\/><\/div><div class=\"icon-body\"><span class=\"box\"><i  class=\"petro-construct-23\">&nbsp;<\/i><\/span><div class=\"text-wrap\"><h4 class=\"box-heading\" >INDUSTRIA Y MAQUINARIA<\/h4><div class=\"iconboxes-text\"><p>Cajas de Bornas ATEX adecuadas para su instalaci\u00f3n en la industria pesada y en maquinaria dedicada a operaciones con materiales peligrosos.<\/p><\/div><\/div><\/div><\/div><\/div><\/div><\/div><\/div><\/div><\/div><\/div><\/div><\/div><\/div><\/div>\n","protected":false},"excerpt":{"rendered":"","protected":false},"author":2,"featured_media":0,"parent":0,"menu_order":18,"comment_status":"closed","ping_status":"closed","template":"editor_page.php","meta":{"footnotes":""},"class_list":["post-3861","page","type-page","status-publish","hentry"],"_links":{"self":[{"href":"https:\/\/www.atexblackbox.com\/es\/wp-json\/wp\/v2\/pages\/3861","targetHints":{"allow":["GET"]}}],"collection":[{"href":"https:\/\/www.atexblackbox.com\/es\/wp-json\/wp\/v2\/pages"}],"about":[{"href":"https:\/\/www.atexblackbox.com\/es\/wp-json\/wp\/v2\/types\/page"}],"author":[{"embeddable":true,"href":"https:\/\/www.atexblackbox.com\/es\/wp-json\/wp\/v2\/users\/2"}],"replies":[{"embeddable":true,"href":"https:\/\/www.atexblackbox.com\/es\/wp-json\/wp\/v2\/comments?post=3861"}],"version-history":[{"count":0,"href":"https:\/\/www.atexblackbox.com\/es\/wp-json\/wp\/v2\/pages\/3861\/revisions"}],"wp:attachment":[{"href":"https:\/\/www.atexblackbox.com\/es\/wp-json\/wp\/v2\/media?parent=3861"}],"curies":[{"name":"wp","href":"https:\/\/api.w.org\/{rel}","templated":true}]}}