{"id":4046,"date":"2018-12-26T11:29:34","date_gmt":"2018-12-26T10:29:34","guid":{"rendered":"https:\/\/atexblackbox.com\/privacy-policy\/"},"modified":"2018-12-26T11:58:23","modified_gmt":"2018-12-26T10:58:23","slug":"politica-de-privacidad","status":"publish","type":"page","link":"https:\/\/www.atexblackbox.com\/es\/politica-de-privacidad\/","title":{"rendered":"Pol\u00edtica de Privacidad"},"content":{"rendered":"<div class=\"container-fluid\"><div class=\"container\"><div id=\"element_1177765827464\" class=\"el_row row\"><div class=\"inner-row\"><div id=\"element_2\" class=\"el_column col-md-12\"><div class=\"inner-column\"><div id=\"element_3177765827471\" class=\"el_text\"><h3>IDENTIFICACI\u00d3N DEL RESPONSABLE DE FICHEROS<\/h3>\n<p>Nombre: <strong>INPRATEX ATM\u00d3SFERAS EXPLOSIVAS, S.L.<\/strong> (en adelante <strong>INPRATEX<\/strong>)<\/p>\n<p>CIF: B75003574<\/p>\n<p>Direcci\u00f3n: Pol\u00edgono Industrial Matsaria, 34. 20600 \u2013 Eibar (Gipuzkoa)<\/p>\n<p>Correo electr\u00f3nico: <strong>atexblackbox@atexblackbox.com<\/strong><\/p><\/div><\/div><\/div><\/div><\/div><\/div><\/div><div class=\"container-fluid\"><div class=\"container\"><div id=\"element_4177765827427\" class=\"el_row row\"><div class=\"inner-row\"><div id=\"element_5\" class=\"el_column col-md-12\"><div class=\"inner-column\"><div id=\"element_6177765827498\" class=\"el_text\"><h3>INFORMACI\u00d3N Y CONSENTIMIENTO<\/h3>\n<p>De conformidad con el Reglamento (UE) 2016\/679 del Parlamento Europeo y del Consejo de 27 de abril de 2016 (en adelante RGPD) y su normativa de desarrollo, <strong>INPRATEX<\/strong> informa a todos los usuarios de la Web www.atexblackbox.com (en adelante Web) acerca del tratamiento de sus datos de car\u00e1cter personal, los facilitados durante el acceso y uso de la Web y en su relaci\u00f3n con <strong>INPRATEX<\/strong>. Mediante la aceptaci\u00f3n de la presente Pol\u00edtica de Privacidad, el usuario queda informado y presta su consentimiento libre, informado, espec\u00edfico e inequ\u00edvoco para que los datos personales que facilite voluntariamente en nuestra Web, bien a trav\u00e9s de los diferentes formularios de contacto o bien a trav\u00e9s del email <strong>atexblackbox@atexblackbox.com<\/strong>, sean tratados por <strong>INPRATEX<\/strong>.<\/p><\/div><\/div><\/div><\/div><\/div><\/div><\/div><div class=\"container-fluid\"><div class=\"container\"><div id=\"element_7177765827419\" class=\"el_row row\"><div class=\"inner-row\"><div id=\"element_8\" class=\"el_column col-md-12\"><div class=\"inner-column\"><div id=\"element_9177765827471\" class=\"el_text\"><h3>FINALIDAD DEL TRATAMIENTO DE SUS DATOS PERSONALES<\/h3>\n<p>Datos facilitados a trav\u00e9s del formulario de la p\u00e1gina de contacto de la Web:<\/p>\n<ul>\n<li>Gestionar las solicitudes de informaci\u00f3n y atenci\u00f3n de consultas solicitadas por el usuario.<\/li>\n<li>Posibilitar la gesti\u00f3n de la relaci\u00f3n comercial con Clientes y\/o Proveedores, as\u00ed como el env\u00edo de comunicaciones posteriores.<\/li>\n<\/ul>\n<p>Datos facilitados a trav\u00e9s del formulario de solicitud de Informaci\u00f3n de los productos existentes en la Web:<\/p>\n<ul>\n<li>Gestionar las solicitudes de informaci\u00f3n por parte de los usuarios sobre los productos disponibles en la Web de <strong>INPRATEX<\/strong>.<\/li>\n<li>Posibilitar la gesti\u00f3n de la relaci\u00f3n comercial con Clientes y\/o Proveedores, as\u00ed como el env\u00edo de comunicaciones posteriores.<\/li>\n<\/ul>\n<p>Datos facilitados a trav\u00e9s de la direcci\u00f3n de correo electr\u00f3nico:<\/p>\n<ul>\n<li>Gestionar las solicitudes de informaci\u00f3n y atenci\u00f3n de consultas solicitadas por el usuario.<\/li>\n<li>Posibilitar la gesti\u00f3n de la relaci\u00f3n comercial con Clientes y\/o Proveedores, as\u00ed como el env\u00edo de comunicaciones posteriores.<\/li>\n<li>Gestionar los Curr\u00edculums Vitae enviados voluntariamente por parte de los usuarios para participar en posibles procesos de selecci\u00f3n en <strong>INPRATEX<\/strong>.<\/li>\n<\/ul><\/div><\/div><\/div><\/div><\/div><\/div><\/div><div class=\"container-fluid\"><div class=\"container\"><div id=\"element_10177765827415\" class=\"el_row row\"><div class=\"inner-row\"><div id=\"element_11\" class=\"el_column col-md-12\"><div class=\"inner-column\"><div id=\"element_12177765827475\" class=\"el_text\"><h3>OBLIGATORIEDAD DE FACILITAR DATOS<\/h3>\n<p>Los datos solicitados en los formularios de la Web son, con car\u00e1cter general, obligatorios (los marcados con *) para cumplir con las finalidades establecidas. Por lo tanto, la negativa a suministrar los datos solicitados en el formulario, la facilitaci\u00f3n de datos inexactos o incompletos podr\u00eda ocasionar la no atenci\u00f3n de su petici\u00f3n\/consulta, una atenci\u00f3n inadecuada, defectuosa o insuficiente, sin perjuicio de visualizaci\u00f3n libre del contenido de la Web por parte del usuario.<\/p><\/div><\/div><\/div><\/div><\/div><\/div><\/div><div class=\"container-fluid\"><div class=\"container\"><div id=\"element_13177765827495\" class=\"el_row row\"><div class=\"inner-row\"><div id=\"element_14\" class=\"el_column col-md-12\"><div class=\"inner-column\"><div id=\"element_15177765827467\" class=\"el_text\"><h3>LEGITIMACI\u00d3N PARA EL TRATAMIENTO DE SUS DATOS<\/h3>\n<ul>\n<li>Para la atenci\u00f3n a la solicitud de informaci\u00f3n y atenci\u00f3n de consulta, el consentimiento prestado por el usuario.<\/li>\n<li>Posibilitar la gesti\u00f3n de la relaci\u00f3n comercial con Clientes y\/o Proveedores, la ejecuci\u00f3n del contrato.<\/li>\n<li>Para tenerle en cuenta en posibles procesos de selecci\u00f3n, el consentimiento prestado por el usuario al aceptar la presente Pol\u00edtica de Privacidad.<\/li>\n<\/ul><\/div><\/div><\/div><\/div><\/div><\/div><\/div><div class=\"container-fluid\"><div class=\"container\"><div id=\"element_16177765827489\" class=\"el_row row\"><div class=\"inner-row\"><div id=\"element_17\" class=\"el_column col-md-12\"><div class=\"inner-column\"><div id=\"element_18177765827430\" class=\"el_text\"><h3>TIEMPO DE CONSERVACI\u00d3N DE SUS DATOS<\/h3>\n<p>Datos facilitados a trav\u00e9s del formulario de la p\u00e1gina de contacto de la Web:<\/p>\n<ul>\n<li>Ser\u00e1n conservados durante el plazo necesario para dar tr\u00e1mite y contestaci\u00f3n a su solicitud\/consulta y, una vez finalizado el mismo, durante el plazo de prescripci\u00f3n de las acciones legales derivadas de la citada solicitud.<\/li>\n<\/ul>\n<p>Datos facilitados a trav\u00e9s del formulario de solicitud de informaci\u00f3n de los productos existentes en la Web:<\/p>\n<ul>\n<li>Ser\u00e1n conservados durante el plazo necesario para dar tr\u00e1mite y contestaci\u00f3n a su solicitud\/consulta y, una vez finalizado el mismo, durante el plazo de prescripci\u00f3n de las acciones legales derivadas de la citada solicitud.<\/li>\n<\/ul>\n<p>Datos facilitados a trav\u00e9s de la direcci\u00f3n de correo electr\u00f3nico de la Web:<\/p>\n<ul>\n<li>Ser\u00e1n conservados durante el plazo necesario para dar tr\u00e1mite y contestaci\u00f3n a su solicitud\/consulta y, una vez finalizado el mismo, durante el plazo de prescripci\u00f3n de las acciones legales derivadas de la citada solicitud.<\/li>\n<li>Si ya existe una relaci\u00f3n contractual con el usuario, ser\u00e1n conservados mientras se mantenga dicha relaci\u00f3n contractual entre el usuario e <strong>INPRATEX<\/strong>, as\u00ed como por el tiempo necesario para cumplir con la legislaci\u00f3n vigente en cada materia.<\/li>\n<li>Para los Curr\u00edculums Vitae enviados voluntariamente por parte de los usuarios, ser\u00e1n conservados durante 2 a\u00f1os. Pasado dicho tiempo, y en caso de no llegar a participar en posibles procesos de selecci\u00f3n de <strong>INPRATEX<\/strong>, se proceder\u00e1 al borrado de los datos personales recibidos y a la destrucci\u00f3n del soporte facilitado.<\/li>\n<\/ul><\/div><\/div><\/div><\/div><\/div><\/div><\/div><div class=\"container-fluid\"><div class=\"container\"><div id=\"element_19177765827419\" class=\"el_row row\"><div class=\"inner-row\"><div id=\"element_20\" class=\"el_column col-md-12\"><div class=\"inner-column\"><div id=\"element_21177765827491\" class=\"el_text\"><h3>DESTINATARIO DE SUS DATOS<\/h3>\n<p>Con car\u00e1cter general, no est\u00e1 prevista la comunicaci\u00f3n de sus datos a Terceros, salvo las que legalmente estuvieran establecidas, o cuando la prestaci\u00f3n de un servicio implique la necesidad de una relaci\u00f3n contractual con un encargado de tratamiento. En este \u00faltimo caso, solo se llevar\u00e1 a cabo la cesi\u00f3n de datos al tercero cuando <strong>INPRATEX<\/strong> disponga del consentimiento expreso del usuario. RESPONSABILIDAD DEL USUARIO El usuario garantiza que los datos que facilita a <strong>INPRATEX<\/strong> son exactos, completos y actualizados. A estos efectos, el usuario responde de la veracidad de todos los datos que comunique y mantendr\u00e1 convenientemente actualizada la informaci\u00f3n facilitada, de tal forma que responda a su situaci\u00f3n real. El usuario garantiza que ha informado a los terceros de los que facilite sus datos, en caso de hacerlo, de los aspectos contenidos en este documento. Asimismo, garantiza que ha obtenido su autorizaci\u00f3n para facilitar sus datos a <strong>INPRATEX<\/strong> para los fines se\u00f1alados. El usuario ser\u00e1 responsable de las informaciones falsas o inexactas que proporcione a trav\u00e9s de la Web y de los da\u00f1os y perjuicios, directos o indirectos, que ello cause a <strong>INPRATEX<\/strong> o a terceros. EJERCICIO DE SUS DERECHOS El usuario puede enviar un escrito a <strong>INPRATEX<\/strong>, a las direcciones indicadas en el encabezado de la presente Pol\u00edtica de Privacidad, adjuntando fotocopia de su documento de identidad, en cualquier momento y de manera gratuita, para:<\/p>\n<ul>\n<li>Revocar los consentimientos otorgados.<\/li>\n<li>Obtener confirmaci\u00f3n acerca de si en <strong>INPRATEX<\/strong> se est\u00e1n tratando datos personales que conciernen al usuario o no.<\/li>\n<li>Acceder a sus datos personales.<\/li>\n<li>Corregir datos incorrectos o incompletos.<\/li>\n<li>Solicitar la eliminaci\u00f3n de sus datos personales cuando, por alg\u00fan motivo, los datos ya no sean necesarios para los fines para los que se obtuvieron.<\/li>\n<li>Obtener de <strong>INPRATEX<\/strong> la limitaci\u00f3n del tratamiento de los datos cuando se cumpla alguna de las condiciones previstas en la normativa de protecci\u00f3n de datos.<\/li>\n<li>Solicitar la portabilidad de sus datos en aquellos casos previstos en la normativa.<\/li>\n<li>Interponer una reclamaci\u00f3n ante la Agencia Espa\u00f1ola de Protecci\u00f3n de Datos agpd.es o C\/ Jorge Juan n\u00ba 6 \u2013 CP\/28001; Madrid, ante un tratamiento inadecuado de sus datos personales o vulneraci\u00f3n de sus derechos por parte de <strong>INPRATEX<\/strong>.<\/li>\n<\/ul><\/div><\/div><\/div><\/div><\/div><\/div><\/div><div class=\"container-fluid\"><div class=\"container\"><div id=\"element_22177765827420\" class=\"el_row row\"><div class=\"inner-row\"><div id=\"element_23\" class=\"el_column col-md-12\"><div class=\"inner-column\"><div id=\"element_24177765827428\" class=\"el_text\"><h3>MEDIDAS DE SEGURIDAD<\/h3>\n<p><strong>INPRATEX<\/strong> tratar\u00e1 en todo momento los datos del usuario de forma absolutamente confidencial y guardando el preceptivo deber de secreto respecto de los mismos. De conformidad con lo previsto en el RGPD y dem\u00e1s normativa de aplicaci\u00f3n, <strong>INPRATEX<\/strong> ha adoptado las medidas de \u00edndole t\u00e9cnica y organizativas necesarias que garanticen la seguridad de sus datos y eviten su alteraci\u00f3n, p\u00e9rdida, tratamiento o acceso no autorizado, habida cuenta del estado de la tecnolog\u00eda, la naturaleza de los datos y los riesgos a que est\u00e1n expuestos.<\/p><\/div><\/div><\/div><\/div><\/div><\/div><\/div>\n","protected":false},"excerpt":{"rendered":"","protected":false},"author":2,"featured_media":0,"parent":0,"menu_order":0,"comment_status":"closed","ping_status":"closed","template":"editor_page.php","meta":{"footnotes":""},"class_list":["post-4046","page","type-page","status-publish","hentry"],"_links":{"self":[{"href":"https:\/\/www.atexblackbox.com\/es\/wp-json\/wp\/v2\/pages\/4046","targetHints":{"allow":["GET"]}}],"collection":[{"href":"https:\/\/www.atexblackbox.com\/es\/wp-json\/wp\/v2\/pages"}],"about":[{"href":"https:\/\/www.atexblackbox.com\/es\/wp-json\/wp\/v2\/types\/page"}],"author":[{"embeddable":true,"href":"https:\/\/www.atexblackbox.com\/es\/wp-json\/wp\/v2\/users\/2"}],"replies":[{"embeddable":true,"href":"https:\/\/www.atexblackbox.com\/es\/wp-json\/wp\/v2\/comments?post=4046"}],"version-history":[{"count":0,"href":"https:\/\/www.atexblackbox.com\/es\/wp-json\/wp\/v2\/pages\/4046\/revisions"}],"wp:attachment":[{"href":"https:\/\/www.atexblackbox.com\/es\/wp-json\/wp\/v2\/media?parent=4046"}],"curies":[{"name":"wp","href":"https:\/\/api.w.org\/{rel}","templated":true}]}}